{"id":3306,"date":"2024-10-22T08:32:46","date_gmt":"2024-10-22T06:32:46","guid":{"rendered":"https:\/\/stuwarooij.nl\/?page_id=3306"},"modified":"2025-05-13T09:59:36","modified_gmt":"2025-05-13T07:59:36","slug":"keurmerken","status":"publish","type":"page","link":"https:\/\/stuwarooij.nl\/pl\/keurmerken\/","title":{"rendered":"Znaki rozpoznawcze"},"content":{"rendered":"<div data-elementor-type=\"wp-page\" data-elementor-id=\"3306\" class=\"elementor elementor-3306\" data-elementor-post-type=\"page\">\n\t\t\t\t<div class=\"elementor-element elementor-element-24c7071 e-con-full e-flex e-con e-parent\" data-id=\"24c7071\" data-element_type=\"container\" data-e-type=\"container\" data-settings=\"{&quot;background_background&quot;:&quot;classic&quot;,&quot;jet_parallax_layout_list&quot;:[]}\">\n\t\t<div class=\"elementor-element elementor-element-6965ad9 e-con-full e-flex e-con e-child\" data-id=\"6965ad9\" data-element_type=\"container\" data-e-type=\"container\" data-settings=\"{&quot;jet_parallax_layout_list&quot;:[]}\">\n\t\t\t\t<div class=\"elementor-element elementor-element-eb539db elementor-widget elementor-widget-button\" data-id=\"eb539db\" data-element_type=\"widget\" data-e-type=\"widget\" data-widget_type=\"button.default\">\n\t\t\t\t<div class=\"elementor-widget-container\">\n\t\t\t\t\t\t\t\t\t<div class=\"elementor-button-wrapper\">\n\t\t\t\t\t<a class=\"elementor-button elementor-button-link elementor-size-sm\" href=\"#onze-keurmerken\">\n\t\t\t\t\t\t<span class=\"elementor-button-content-wrapper\">\n\t\t\t\t\t\t\t\t\t<span class=\"elementor-button-text\">Jako\u015b\u0107 przede wszystkim<\/span>\n\t\t\t\t\t<\/span>\n\t\t\t\t\t<\/a>\n\t\t\t\t<\/div>\n\t\t\t\t\t\t\t\t<\/div>\n\t\t\t\t<\/div>\n\t\t\t\t<div class=\"elementor-element elementor-element-a317374 elementor-widget elementor-widget-button\" data-id=\"a317374\" data-element_type=\"widget\" data-e-type=\"widget\" data-widget_type=\"button.default\">\n\t\t\t\t<div class=\"elementor-widget-container\">\n\t\t\t\t\t\t\t\t\t<div class=\"elementor-button-wrapper\">\n\t\t\t\t\t<a class=\"elementor-button elementor-button-link elementor-size-sm\" href=\"https:\/\/stuwarooij.nl\/pl\/over-ons\/\">\n\t\t\t\t\t\t<span class=\"elementor-button-content-wrapper\">\n\t\t\t\t\t\t\t\t\t<span class=\"elementor-button-text\">Wi\u0119cej o nas<\/span>\n\t\t\t\t\t<\/span>\n\t\t\t\t\t<\/a>\n\t\t\t\t<\/div>\n\t\t\t\t\t\t\t\t<\/div>\n\t\t\t\t<\/div>\n\t\t\t\t<\/div>\n\t\t\t\t<\/div>\n\t\t<div class=\"elementor-element elementor-element-79f451e e-con-full e-flex e-con e-parent\" data-id=\"79f451e\" data-element_type=\"container\" data-e-type=\"container\" id=\"onze-keurmerken\" data-settings=\"{&quot;jet_parallax_layout_list&quot;:[],&quot;background_background&quot;:&quot;classic&quot;}\">\n\t\t<div class=\"elementor-element elementor-element-3afc0ad e-con-full e-flex e-con e-child\" data-id=\"3afc0ad\" data-element_type=\"container\" data-e-type=\"container\" data-settings=\"{&quot;jet_parallax_layout_list&quot;:[],&quot;background_background&quot;:&quot;classic&quot;}\">\n\t\t\t\t<div class=\"elementor-element elementor-element-bc47443 elementor-widget elementor-widget-image\" data-id=\"bc47443\" data-element_type=\"widget\" data-e-type=\"widget\" data-widget_type=\"image.default\">\n\t\t\t\t<div class=\"elementor-widget-container\">\n\t\t\t\t\t\t\t\t\t\t\t\t\t\t\t<img alt=\"\" decoding=\"async\" width=\"179\" height=\"73\" src=\"https:\/\/stuwarooij.nl\/wp-content\/uploads\/2024\/03\/Cnv.svg\" class=\"attachment-full size-full wp-image-1248\" \/>\t\t\t\t\t\t\t\t\t\t\t\t\t\t\t<\/div>\n\t\t\t\t<\/div>\n\t\t\t\t<div class=\"elementor-element elementor-element-3378f62 elementor-widget elementor-widget-text-editor\" data-id=\"3378f62\" data-element_type=\"widget\" data-e-type=\"widget\" data-widget_type=\"text-editor.default\">\n\t\t\t\t<div class=\"elementor-widget-container\">\n\t\t\t\t\t\t\t\t\t<p>CNV chce przyczyni\u0107 si\u0119 do stworzenia zr\u00f3wnowa\u017conego spo\u0142ecze\u0144stwa mi\u0119dzynarodowego, w kt\u00f3rym godna praca dla wszystkich ma kluczowe znaczenie.<\/p>\t\t\t\t\t\t\t\t<\/div>\n\t\t\t\t<\/div>\n\t\t\t\t<div class=\"elementor-element elementor-element-7df3b3c elementor-widget elementor-widget-button\" data-id=\"7df3b3c\" data-element_type=\"widget\" data-e-type=\"widget\" data-widget_type=\"button.default\">\n\t\t\t\t<div class=\"elementor-widget-container\">\n\t\t\t\t\t\t\t\t\t<div class=\"elementor-button-wrapper\">\n\t\t\t\t\t<a class=\"elementor-button elementor-button-link elementor-size-sm\" href=\"https:\/\/www.cnv.nl\/\" target=\"_blank\">\n\t\t\t\t\t\t<span class=\"elementor-button-content-wrapper\">\n\t\t\t\t\t\t\t\t\t<span class=\"elementor-button-text\">Prosz\u0119 wy\u015bwietli\u0107 etykiet\u0119<\/span>\n\t\t\t\t\t<\/span>\n\t\t\t\t\t<\/a>\n\t\t\t\t<\/div>\n\t\t\t\t\t\t\t\t<\/div>\n\t\t\t\t<\/div>\n\t\t\t\t<\/div>\n\t\t<div class=\"elementor-element elementor-element-722a50c e-con-full e-flex e-con e-child\" data-id=\"722a50c\" data-element_type=\"container\" data-e-type=\"container\" data-settings=\"{&quot;jet_parallax_layout_list&quot;:[],&quot;background_background&quot;:&quot;classic&quot;}\">\n\t\t\t\t<div class=\"elementor-element elementor-element-0e1f995 elementor-widget elementor-widget-image\" data-id=\"0e1f995\" data-element_type=\"widget\" data-e-type=\"widget\" data-widget_type=\"image.default\">\n\t\t\t\t<div class=\"elementor-widget-container\">\n\t\t\t\t\t\t\t\t\t\t\t\t\t\t\t<img alt=\"\" decoding=\"async\" width=\"147\" height=\"91\" src=\"https:\/\/stuwarooij.nl\/wp-content\/uploads\/2024\/03\/Snf.svg\" class=\"attachment-full size-full wp-image-1250\" \/>\t\t\t\t\t\t\t\t\t\t\t\t\t\t\t<\/div>\n\t\t\t\t<\/div>\n\t\t\t\t<div class=\"elementor-element elementor-element-7ebd62f elementor-widget elementor-widget-text-editor\" data-id=\"7ebd62f\" data-element_type=\"widget\" data-e-type=\"widget\" data-widget_type=\"text-editor.default\">\n\t\t\t\t<div class=\"elementor-widget-container\">\n\t\t\t\t\t\t\t\t\t<p>Stichting Normering Flexwonen zarz\u0105dza rejestrem firm, kt\u00f3re spe\u0142niaj\u0105 standardy zakwaterowania migrant\u00f3w zarobkowych i utrzymuje te standardy. Organizacje zapewniaj\u0105ce zakwaterowanie dla migrant\u00f3w zarobkowych mog\u0105 uzyska\u0107 certyfikat od Stichting Normering Flexwonen. W tym celu musz\u0105 spe\u0142nia\u0107 normy dotycz\u0105ce zakwaterowania migrant\u00f3w zarobkowych.<\/p>\t\t\t\t\t\t\t\t<\/div>\n\t\t\t\t<\/div>\n\t\t\t\t<div class=\"elementor-element elementor-element-98319cb elementor-widget elementor-widget-button\" data-id=\"98319cb\" data-element_type=\"widget\" data-e-type=\"widget\" data-widget_type=\"button.default\">\n\t\t\t\t<div class=\"elementor-widget-container\">\n\t\t\t\t\t\t\t\t\t<div class=\"elementor-button-wrapper\">\n\t\t\t\t\t<a class=\"elementor-button elementor-button-link elementor-size-sm\" href=\"https:\/\/www.normeringflexwonen.nl\/\" target=\"_blank\">\n\t\t\t\t\t\t<span class=\"elementor-button-content-wrapper\">\n\t\t\t\t\t\t\t\t\t<span class=\"elementor-button-text\">Prosz\u0119 wy\u015bwietli\u0107 etykiet\u0119<\/span>\n\t\t\t\t\t<\/span>\n\t\t\t\t\t<\/a>\n\t\t\t\t<\/div>\n\t\t\t\t\t\t\t\t<\/div>\n\t\t\t\t<\/div>\n\t\t\t\t<\/div>\n\t\t<div class=\"elementor-element elementor-element-c0a5e5e e-con-full e-flex e-con e-child\" data-id=\"c0a5e5e\" data-element_type=\"container\" data-e-type=\"container\" data-settings=\"{&quot;jet_parallax_layout_list&quot;:[],&quot;background_background&quot;:&quot;classic&quot;}\">\n\t\t\t\t<div class=\"elementor-element elementor-element-bc0e758 elementor-widget elementor-widget-image\" data-id=\"bc0e758\" data-element_type=\"widget\" data-e-type=\"widget\" data-widget_type=\"image.default\">\n\t\t\t\t<div class=\"elementor-widget-container\">\n\t\t\t\t\t\t\t\t\t\t\t\t\t\t\t<img alt=\"\" decoding=\"async\" width=\"311\" height=\"81\" src=\"https:\/\/stuwarooij.nl\/wp-content\/uploads\/2024\/03\/SNA.svg\" class=\"attachment-full size-full wp-image-1251\" \/>\t\t\t\t\t\t\t\t\t\t\t\t\t\t\t<\/div>\n\t\t\t\t<\/div>\n\t\t\t\t<div class=\"elementor-element elementor-element-5be2764 elementor-widget elementor-widget-text-editor\" data-id=\"5be2764\" data-element_type=\"widget\" data-e-type=\"widget\" data-widget_type=\"text-editor.default\">\n\t\t\t\t<div class=\"elementor-widget-container\">\n\t\t\t\t\t\t\t\t\t<p>Znak jako\u015bci SNA jest znakiem jako\u015bci dla wszystkich firm \u015bwiadcz\u0105cych prac\u0119, takich jak agencje pracy tymczasowej, firmy oddelegowuj\u0105ce i p\u0142acowe oraz dla (pod)wykonawc\u00f3w pracy.<\/p>\t\t\t\t\t\t\t\t<\/div>\n\t\t\t\t<\/div>\n\t\t\t\t<div class=\"elementor-element elementor-element-44d0e34 elementor-widget elementor-widget-button\" data-id=\"44d0e34\" data-element_type=\"widget\" data-e-type=\"widget\" data-widget_type=\"button.default\">\n\t\t\t\t<div class=\"elementor-widget-container\">\n\t\t\t\t\t\t\t\t\t<div class=\"elementor-button-wrapper\">\n\t\t\t\t\t<a class=\"elementor-button elementor-button-link elementor-size-sm\" href=\"https:\/\/www.normeringarbeid.nl\/\" target=\"_blank\">\n\t\t\t\t\t\t<span class=\"elementor-button-content-wrapper\">\n\t\t\t\t\t\t\t\t\t<span class=\"elementor-button-text\">Prosz\u0119 wy\u015bwietli\u0107 etykiet\u0119<\/span>\n\t\t\t\t\t<\/span>\n\t\t\t\t\t<\/a>\n\t\t\t\t<\/div>\n\t\t\t\t\t\t\t\t<\/div>\n\t\t\t\t<\/div>\n\t\t\t\t<\/div>\n\t\t<div class=\"elementor-element elementor-element-92e9cbd e-con-full e-flex e-con e-child\" data-id=\"92e9cbd\" data-element_type=\"container\" data-e-type=\"container\" data-settings=\"{&quot;jet_parallax_layout_list&quot;:[],&quot;background_background&quot;:&quot;classic&quot;}\">\n\t\t\t\t<div class=\"elementor-element elementor-element-8487845 elementor-widget elementor-widget-image\" data-id=\"8487845\" data-element_type=\"widget\" data-e-type=\"widget\" data-widget_type=\"image.default\">\n\t\t\t\t<div class=\"elementor-widget-container\">\n\t\t\t\t\t\t\t\t\t\t\t\t\t\t\t<img alt=\"\" loading=\"lazy\" decoding=\"async\" width=\"1684\" height=\"1191\" src=\"https:\/\/stuwarooij.nl\/wp-content\/uploads\/2024\/11\/MVO-logo.png\" class=\"attachment-full size-full wp-image-5274\" \/>\t\t\t\t\t\t\t\t\t\t\t\t\t\t\t<\/div>\n\t\t\t\t<\/div>\n\t\t\t\t<div class=\"elementor-element elementor-element-3045884 elementor-widget elementor-widget-text-editor\" data-id=\"3045884\" data-element_type=\"widget\" data-e-type=\"widget\" data-widget_type=\"text-editor.default\">\n\t\t\t\t<div class=\"elementor-widget-container\">\n\t\t\t\t\t\t\t\t\t<p>MVO Netherlands to sie\u0107, kt\u00f3ra pomaga firmom prowadzi\u0107 dzia\u0142alno\u015b\u0107 w spos\u00f3b bardziej zr\u00f3wnowa\u017cony i przyspieszy\u0107 przej\u015bcie na zr\u00f3wnowa\u017con\u0105 gospodark\u0119. Wsp\u00f3\u0142pracuje z ponad 2000 partner\u00f3w w takich obszarach jak gospodarka o obiegu zamkni\u0119tym i integracja spo\u0142eczna. Mierzy r\u00f3wnie\u017c post\u0119py za pomoc\u0105 Indeksu Nowej Gospodarki (NEx). Ich celem jest uczynienie zr\u00f3wnowa\u017conego biznesu norm\u0105.<\/p>\t\t\t\t\t\t\t\t<\/div>\n\t\t\t\t<\/div>\n\t\t\t\t<div class=\"elementor-element elementor-element-3ba0b71 elementor-widget elementor-widget-button\" data-id=\"3ba0b71\" data-element_type=\"widget\" data-e-type=\"widget\" data-widget_type=\"button.default\">\n\t\t\t\t<div class=\"elementor-widget-container\">\n\t\t\t\t\t\t\t\t\t<div class=\"elementor-button-wrapper\">\n\t\t\t\t\t<a class=\"elementor-button elementor-button-link elementor-size-sm\" href=\"https:\/\/www.mvonederland.nl\/\" target=\"_blank\">\n\t\t\t\t\t\t<span class=\"elementor-button-content-wrapper\">\n\t\t\t\t\t\t\t\t\t<span class=\"elementor-button-text\">Prosz\u0119 wy\u015bwietli\u0107 etykiet\u0119<\/span>\n\t\t\t\t\t<\/span>\n\t\t\t\t\t<\/a>\n\t\t\t\t<\/div>\n\t\t\t\t\t\t\t\t<\/div>\n\t\t\t\t<\/div>\n\t\t\t\t<\/div>\n\t\t<div class=\"elementor-element elementor-element-f63e369 e-con-full e-flex e-con e-child\" data-id=\"f63e369\" data-element_type=\"container\" data-e-type=\"container\" data-settings=\"{&quot;jet_parallax_layout_list&quot;:[],&quot;background_background&quot;:&quot;classic&quot;}\">\n\t\t\t\t<div class=\"elementor-element elementor-element-78c2d49 elementor-widget elementor-widget-image\" data-id=\"78c2d49\" data-element_type=\"widget\" data-e-type=\"widget\" data-widget_type=\"image.default\">\n\t\t\t\t<div class=\"elementor-widget-container\">\n\t\t\t\t\t\t\t\t\t\t\t\t\t\t\t<img alt=\"\" loading=\"lazy\" decoding=\"async\" width=\"191\" height=\"51\" src=\"https:\/\/stuwarooij.nl\/wp-content\/uploads\/2024\/03\/Ecabo.svg\" class=\"attachment-full size-full wp-image-1249\" \/>\t\t\t\t\t\t\t\t\t\t\t\t\t\t\t<\/div>\n\t\t\t\t<\/div>\n\t\t\t\t<div class=\"elementor-element elementor-element-6dfeb5c elementor-widget elementor-widget-text-editor\" data-id=\"6dfeb5c\" data-element_type=\"widget\" data-e-type=\"widget\" data-widget_type=\"text-editor.default\">\n\t\t\t\t<div class=\"elementor-widget-container\">\n\t\t\t\t\t\t\t\t\t<p>ECABO to centrum wiedzy biznesowej w zakresie edukacji zawodowej dla zawod\u00f3w ekonomicznych\/administracyjnych, ICT i bezpiecze\u0144stwa. Dzia\u0142ania Ecabo maj\u0105 na celu zapewnienie, \u017ce spo\u0142eczno\u015b\u0107 biznesowa mo\u017ce uzyska\u0107 dobrze wykwalifikowanych ludzi, kt\u00f3rych potrzebuje, w wystarczaj\u0105cej liczbie.<\/p>\t\t\t\t\t\t\t\t<\/div>\n\t\t\t\t<\/div>\n\t\t\t\t<div class=\"elementor-element elementor-element-9ecec31 elementor-widget elementor-widget-button\" data-id=\"9ecec31\" data-element_type=\"widget\" data-e-type=\"widget\" data-widget_type=\"button.default\">\n\t\t\t\t<div class=\"elementor-widget-container\">\n\t\t\t\t\t\t\t\t\t<div class=\"elementor-button-wrapper\">\n\t\t\t\t\t<a class=\"elementor-button elementor-button-link elementor-size-sm\" href=\"https:\/\/www.s-bb.nl\/\" target=\"_blank\">\n\t\t\t\t\t\t<span class=\"elementor-button-content-wrapper\">\n\t\t\t\t\t\t\t\t\t<span class=\"elementor-button-text\">Prosz\u0119 wy\u015bwietli\u0107 etykiet\u0119<\/span>\n\t\t\t\t\t<\/span>\n\t\t\t\t\t<\/a>\n\t\t\t\t<\/div>\n\t\t\t\t\t\t\t\t<\/div>\n\t\t\t\t<\/div>\n\t\t\t\t<\/div>\n\t\t<div class=\"elementor-element elementor-element-5629241 e-con-full e-flex e-con e-child\" data-id=\"5629241\" data-element_type=\"container\" data-e-type=\"container\" data-settings=\"{&quot;jet_parallax_layout_list&quot;:[],&quot;background_background&quot;:&quot;classic&quot;}\">\n\t\t\t\t<div class=\"elementor-element elementor-element-1d8fd14 elementor-widget elementor-widget-image\" data-id=\"1d8fd14\" data-element_type=\"widget\" data-e-type=\"widget\" data-widget_type=\"image.default\">\n\t\t\t\t<div class=\"elementor-widget-container\">\n\t\t\t\t\t\t\t\t\t\t\t\t\t\t\t<img alt=\"\" loading=\"lazy\" decoding=\"async\" width=\"383\" height=\"159\" src=\"https:\/\/stuwarooij.nl\/wp-content\/uploads\/2024\/11\/Brabantse_familiebedrijven_genootschap-logo-1.svg\" class=\"attachment-full size-full wp-image-5275\" \/>\t\t\t\t\t\t\t\t\t\t\t\t\t\t\t<\/div>\n\t\t\t\t<\/div>\n\t\t\t\t<div class=\"elementor-element elementor-element-5aad742 elementor-widget elementor-widget-text-editor\" data-id=\"5aad742\" data-element_type=\"widget\" data-e-type=\"widget\" data-widget_type=\"text-editor.default\">\n\t\t\t\t<div class=\"elementor-widget-container\">\n\t\t\t\t\t\t\t\t\t<p>Brabanckie Stowarzyszenie Firm Rodzinnych (BFBG) to sie\u0107 firm rodzinnych w Brabancji P\u00f3\u0142nocnej zatrudniaj\u0105cych co najmniej 100 pracownik\u00f3w. Dziel\u0105 si\u0119 one wiedz\u0105 i do\u015bwiadczeniami, aby uczyni\u0107 firmy silniejszymi i przysz\u0142o\u015bciowymi. Wsp\u00f3lnie z Uniwersytetem w Tilburgu prowadz\u0105 badania nad dynamik\u0105 firm rodzinnych. Stowarzyszenie organizuje r\u00f3wnie\u017c spotkania zach\u0119caj\u0105ce do wsp\u00f3\u0142pracy i innowacji.<\/p>\t\t\t\t\t\t\t\t<\/div>\n\t\t\t\t<\/div>\n\t\t\t\t<div class=\"elementor-element elementor-element-8988619 elementor-widget elementor-widget-button\" data-id=\"8988619\" data-element_type=\"widget\" data-e-type=\"widget\" data-widget_type=\"button.default\">\n\t\t\t\t<div class=\"elementor-widget-container\">\n\t\t\t\t\t\t\t\t\t<div class=\"elementor-button-wrapper\">\n\t\t\t\t\t<a class=\"elementor-button elementor-button-link elementor-size-sm\" href=\"https:\/\/bfbg.nl\/\" target=\"_blank\">\n\t\t\t\t\t\t<span class=\"elementor-button-content-wrapper\">\n\t\t\t\t\t\t\t\t\t<span class=\"elementor-button-text\">Prosz\u0119 wy\u015bwietli\u0107 etykiet\u0119<\/span>\n\t\t\t\t\t<\/span>\n\t\t\t\t\t<\/a>\n\t\t\t\t<\/div>\n\t\t\t\t\t\t\t\t<\/div>\n\t\t\t\t<\/div>\n\t\t\t\t<\/div>\n\t\t\t\t<\/div>\n\t\t\t\t<\/div>","protected":false},"excerpt":{"rendered":"<p>Kwaliteit voorop Meer over ons CNV wil bijdragen aan een inclusieve, duurzame internationale samenleving waarin fatsoenlijk werk voor iedereen centraal staat. Bekijk keurmerk Stichting Normering Flexwonen beheert het register van ondernemingen die aan de norm voor huisvesting van arbeidsmigranten voldoen en onderhoudt deze normen. Organisaties die huisvesting voor arbeidsmigranten aanbieden kunnen een certificaat van de [&hellip;]<\/p>\n","protected":false},"author":1,"featured_media":0,"parent":0,"menu_order":3,"comment_status":"closed","ping_status":"closed","template":"","meta":{"_seopress_robots_primary_cat":"","_seopress_titles_title":"","_seopress_titles_desc":"","_seopress_robots_index":"","_jet_sm_ready_style":"","_jet_sm_style":"","_jet_sm_controls_values":"","_jet_sm_fonts_collection":"","_jet_sm_fonts_links":"","footnotes":""},"class_list":["post-3306","page","type-page","status-publish","hentry"],"yoast_head":"<!-- This site is optimized with the Yoast SEO plugin v27.1.1 - https:\/\/yoast.com\/product\/yoast-seo-wordpress\/ -->\n<title>Keurmerken | Stuwarooij<\/title>\n<meta name=\"robots\" content=\"index, follow, max-snippet:-1, max-image-preview:large, max-video-preview:-1\" \/>\n<link rel=\"canonical\" href=\"https:\/\/stuwarooij.nl\/pl\/keurmerken\/\" \/>\n<meta property=\"og:locale\" content=\"pl_PL\" \/>\n<meta property=\"og:type\" content=\"article\" \/>\n<meta property=\"og:title\" content=\"Keurmerken | Stuwarooij\" \/>\n<meta property=\"og:description\" content=\"Kwaliteit voorop Meer over ons CNV wil bijdragen aan een inclusieve, duurzame internationale samenleving waarin fatsoenlijk werk voor iedereen centraal staat. Bekijk keurmerk Stichting Normering Flexwonen beheert het register van ondernemingen die aan de norm voor huisvesting van arbeidsmigranten voldoen en onderhoudt deze normen. Organisaties die huisvesting voor arbeidsmigranten aanbieden kunnen een certificaat van de [&hellip;]\" \/>\n<meta property=\"og:url\" content=\"https:\/\/stuwarooij.nl\/pl\/keurmerken\/\" \/>\n<meta property=\"og:site_name\" content=\"Stuwarooij\" \/>\n<meta property=\"article:publisher\" content=\"https:\/\/www.facebook.com\/stuwarooij\/\" \/>\n<meta property=\"article:modified_time\" content=\"2025-05-13T07:59:36+00:00\" \/>\n<meta property=\"og:image\" content=\"https:\/\/stuwarooij.nl\/wp-content\/uploads\/2025\/07\/Ontwerp-zonder-titel-13.png\" \/>\n\t<meta property=\"og:image:width\" content=\"3600\" \/>\n\t<meta property=\"og:image:height\" content=\"2025\" \/>\n\t<meta property=\"og:image:type\" content=\"image\/png\" \/>\n<meta name=\"twitter:card\" content=\"summary_large_image\" \/>\n<meta name=\"twitter:label1\" content=\"Szacowany czas czytania\" \/>\n\t<meta name=\"twitter:data1\" content=\"1 minuta\" \/>\n<script type=\"application\/ld+json\" class=\"yoast-schema-graph\">{\"@context\":\"https:\/\/schema.org\",\"@graph\":[{\"@type\":\"WebPage\",\"@id\":\"https:\/\/stuwarooij.nl\/keurmerken\/\",\"url\":\"https:\/\/stuwarooij.nl\/keurmerken\/\",\"name\":\"Keurmerken | Stuwarooij\",\"isPartOf\":{\"@id\":\"https:\/\/stuwarooij.nl\/#website\"},\"primaryImageOfPage\":{\"@id\":\"https:\/\/stuwarooij.nl\/keurmerken\/#primaryimage\"},\"image\":{\"@id\":\"https:\/\/stuwarooij.nl\/keurmerken\/#primaryimage\"},\"thumbnailUrl\":\"https:\/\/stuwarooij.nl\/wp-content\/uploads\/2024\/03\/Cnv.svg\",\"datePublished\":\"2024-10-22T06:32:46+00:00\",\"dateModified\":\"2025-05-13T07:59:36+00:00\",\"breadcrumb\":{\"@id\":\"https:\/\/stuwarooij.nl\/keurmerken\/#breadcrumb\"},\"inLanguage\":\"pl-PL\",\"potentialAction\":[{\"@type\":\"ReadAction\",\"target\":[\"https:\/\/stuwarooij.nl\/keurmerken\/\"]}]},{\"@type\":\"ImageObject\",\"inLanguage\":\"pl-PL\",\"@id\":\"https:\/\/stuwarooij.nl\/keurmerken\/#primaryimage\",\"url\":\"https:\/\/stuwarooij.nl\/wp-content\/uploads\/2024\/03\/Cnv.svg\",\"contentUrl\":\"https:\/\/stuwarooij.nl\/wp-content\/uploads\/2024\/03\/Cnv.svg\"},{\"@type\":\"BreadcrumbList\",\"@id\":\"https:\/\/stuwarooij.nl\/keurmerken\/#breadcrumb\",\"itemListElement\":[{\"@type\":\"ListItem\",\"position\":1,\"name\":\"Home\",\"item\":\"https:\/\/stuwarooij.nl\/\"},{\"@type\":\"ListItem\",\"position\":2,\"name\":\"Keurmerken\"}]},{\"@type\":\"WebSite\",\"@id\":\"https:\/\/stuwarooij.nl\/#website\",\"url\":\"https:\/\/stuwarooij.nl\/\",\"name\":\"Stuwarooij\",\"description\":\"Stronger Together\",\"publisher\":{\"@id\":\"https:\/\/stuwarooij.nl\/#organization\"},\"alternateName\":\"Stuwarooij - Stuwadoorsbedrijf van Rooij\",\"potentialAction\":[{\"@type\":\"SearchAction\",\"target\":{\"@type\":\"EntryPoint\",\"urlTemplate\":\"https:\/\/stuwarooij.nl\/?s={search_term_string}\"},\"query-input\":{\"@type\":\"PropertyValueSpecification\",\"valueRequired\":true,\"valueName\":\"search_term_string\"}}],\"inLanguage\":\"pl-PL\"},{\"@type\":\"Organization\",\"@id\":\"https:\/\/stuwarooij.nl\/#organization\",\"name\":\"Stuwarooij\",\"alternateName\":\"Stuwarooij - Stuwadoorsbedrijf van Rooij\",\"url\":\"https:\/\/stuwarooij.nl\/\",\"logo\":{\"@type\":\"ImageObject\",\"inLanguage\":\"pl-PL\",\"@id\":\"https:\/\/stuwarooij.nl\/#\/schema\/logo\/image\/\",\"url\":\"https:\/\/stuwarooij.nl\/wp-content\/uploads\/2024\/03\/Logo-stuwarooij.svg\",\"contentUrl\":\"https:\/\/stuwarooij.nl\/wp-content\/uploads\/2024\/03\/Logo-stuwarooij.svg\",\"width\":322.59,\"height\":84.27,\"caption\":\"Stuwarooij\"},\"image\":{\"@id\":\"https:\/\/stuwarooij.nl\/#\/schema\/logo\/image\/\"},\"sameAs\":[\"https:\/\/www.facebook.com\/stuwarooij\/\",\"https:\/\/www.instagram.com\/stuwadoorsbedrijfvrooij\/\",\"https:\/\/nl.linkedin.com\/company\/stuwadoorsbedrijf-van-rooij\"]}]}<\/script>\n<!-- \/ Yoast SEO plugin. -->","yoast_head_json":{"title":"Keurmerken | Stuwarooij","robots":{"index":"index","follow":"follow","max-snippet":"max-snippet:-1","max-image-preview":"max-image-preview:large","max-video-preview":"max-video-preview:-1"},"canonical":"https:\/\/stuwarooij.nl\/pl\/keurmerken\/","og_locale":"pl_PL","og_type":"article","og_title":"Keurmerken | Stuwarooij","og_description":"Kwaliteit voorop Meer over ons CNV wil bijdragen aan een inclusieve, duurzame internationale samenleving waarin fatsoenlijk werk voor iedereen centraal staat. Bekijk keurmerk Stichting Normering Flexwonen beheert het register van ondernemingen die aan de norm voor huisvesting van arbeidsmigranten voldoen en onderhoudt deze normen. Organisaties die huisvesting voor arbeidsmigranten aanbieden kunnen een certificaat van de [&hellip;]","og_url":"https:\/\/stuwarooij.nl\/pl\/keurmerken\/","og_site_name":"Stuwarooij","article_publisher":"https:\/\/www.facebook.com\/stuwarooij\/","article_modified_time":"2025-05-13T07:59:36+00:00","og_image":[{"width":3600,"height":2025,"url":"https:\/\/stuwarooij.nl\/wp-content\/uploads\/2025\/07\/Ontwerp-zonder-titel-13.png","type":"image\/png"}],"twitter_card":"summary_large_image","twitter_misc":{"Szacowany czas czytania":"1 minuta"},"schema":{"@context":"https:\/\/schema.org","@graph":[{"@type":"WebPage","@id":"https:\/\/stuwarooij.nl\/keurmerken\/","url":"https:\/\/stuwarooij.nl\/keurmerken\/","name":"Keurmerken | Stuwarooij","isPartOf":{"@id":"https:\/\/stuwarooij.nl\/#website"},"primaryImageOfPage":{"@id":"https:\/\/stuwarooij.nl\/keurmerken\/#primaryimage"},"image":{"@id":"https:\/\/stuwarooij.nl\/keurmerken\/#primaryimage"},"thumbnailUrl":"https:\/\/stuwarooij.nl\/wp-content\/uploads\/2024\/03\/Cnv.svg","datePublished":"2024-10-22T06:32:46+00:00","dateModified":"2025-05-13T07:59:36+00:00","breadcrumb":{"@id":"https:\/\/stuwarooij.nl\/keurmerken\/#breadcrumb"},"inLanguage":"pl-PL","potentialAction":[{"@type":"ReadAction","target":["https:\/\/stuwarooij.nl\/keurmerken\/"]}]},{"@type":"ImageObject","inLanguage":"pl-PL","@id":"https:\/\/stuwarooij.nl\/keurmerken\/#primaryimage","url":"https:\/\/stuwarooij.nl\/wp-content\/uploads\/2024\/03\/Cnv.svg","contentUrl":"https:\/\/stuwarooij.nl\/wp-content\/uploads\/2024\/03\/Cnv.svg"},{"@type":"BreadcrumbList","@id":"https:\/\/stuwarooij.nl\/keurmerken\/#breadcrumb","itemListElement":[{"@type":"ListItem","position":1,"name":"Home","item":"https:\/\/stuwarooij.nl\/"},{"@type":"ListItem","position":2,"name":"Keurmerken"}]},{"@type":"WebSite","@id":"https:\/\/stuwarooij.nl\/#website","url":"https:\/\/stuwarooij.nl\/","name":"Stuwarooij","description":"Razem silniejsi","publisher":{"@id":"https:\/\/stuwarooij.nl\/#organization"},"alternateName":"Stuwarooij - Stuwadoorsbedrijf van Rooij","potentialAction":[{"@type":"SearchAction","target":{"@type":"EntryPoint","urlTemplate":"https:\/\/stuwarooij.nl\/?s={search_term_string}"},"query-input":{"@type":"PropertyValueSpecification","valueRequired":true,"valueName":"search_term_string"}}],"inLanguage":"pl-PL"},{"@type":"Organization","@id":"https:\/\/stuwarooij.nl\/#organization","name":"Stuwarooij","alternateName":"Stuwarooij - Stuwadoorsbedrijf van Rooij","url":"https:\/\/stuwarooij.nl\/","logo":{"@type":"ImageObject","inLanguage":"pl-PL","@id":"https:\/\/stuwarooij.nl\/#\/schema\/logo\/image\/","url":"https:\/\/stuwarooij.nl\/wp-content\/uploads\/2024\/03\/Logo-stuwarooij.svg","contentUrl":"https:\/\/stuwarooij.nl\/wp-content\/uploads\/2024\/03\/Logo-stuwarooij.svg","width":322.59,"height":84.27,"caption":"Stuwarooij"},"image":{"@id":"https:\/\/stuwarooij.nl\/#\/schema\/logo\/image\/"},"sameAs":["https:\/\/www.facebook.com\/stuwarooij\/","https:\/\/www.instagram.com\/stuwadoorsbedrijfvrooij\/","https:\/\/nl.linkedin.com\/company\/stuwadoorsbedrijf-van-rooij"]}]}},"_links":{"self":[{"href":"https:\/\/stuwarooij.nl\/pl\/wp-json\/wp\/v2\/pages\/3306","targetHints":{"allow":["GET"]}}],"collection":[{"href":"https:\/\/stuwarooij.nl\/pl\/wp-json\/wp\/v2\/pages"}],"about":[{"href":"https:\/\/stuwarooij.nl\/pl\/wp-json\/wp\/v2\/types\/page"}],"author":[{"embeddable":true,"href":"https:\/\/stuwarooij.nl\/pl\/wp-json\/wp\/v2\/users\/1"}],"replies":[{"embeddable":true,"href":"https:\/\/stuwarooij.nl\/pl\/wp-json\/wp\/v2\/comments?post=3306"}],"version-history":[{"count":0,"href":"https:\/\/stuwarooij.nl\/pl\/wp-json\/wp\/v2\/pages\/3306\/revisions"}],"wp:attachment":[{"href":"https:\/\/stuwarooij.nl\/pl\/wp-json\/wp\/v2\/media?parent=3306"}],"curies":[{"name":"wp","href":"https:\/\/api.w.org\/{rel}","templated":true}]}}