{"id":4953,"date":"2024-11-07T10:10:27","date_gmt":"2024-11-07T09:10:27","guid":{"rendered":"https:\/\/stuwarooij.nl\/?page_id=4953"},"modified":"2025-05-13T10:00:41","modified_gmt":"2025-05-13T08:00:41","slug":"bedankt","status":"publish","type":"page","link":"https:\/\/stuwarooij.nl\/es\/bedankt\/","title":{"rendered":"Gracias"},"content":{"rendered":"<div data-elementor-type=\"wp-page\" data-elementor-id=\"4953\" class=\"elementor elementor-4953\" data-elementor-post-type=\"page\">\n\t\t\t\t<div class=\"elementor-element elementor-element-ab4acb7 e-con-full e-flex e-con e-parent\" data-id=\"ab4acb7\" data-element_type=\"container\" data-e-type=\"container\" data-settings=\"{&quot;background_background&quot;:&quot;classic&quot;,&quot;jet_parallax_layout_list&quot;:[]}\">\n\t\t<div class=\"elementor-element elementor-element-a6c78f0 e-con-full e-flex e-con e-child\" data-id=\"a6c78f0\" data-element_type=\"container\" data-e-type=\"container\" data-settings=\"{&quot;jet_parallax_layout_list&quot;:[],&quot;background_background&quot;:&quot;classic&quot;}\">\n\t\t\t\t<\/div>\n\t\t<div class=\"elementor-element elementor-element-2c603ff e-con-full e-flex e-con e-child\" data-id=\"2c603ff\" data-element_type=\"container\" data-e-type=\"container\" data-settings=\"{&quot;jet_parallax_layout_list&quot;:[]}\">\n\t\t\t\t<div class=\"elementor-element elementor-element-76735b9 elementor-widget elementor-widget-jet-listing-dynamic-field\" data-id=\"76735b9\" data-element_type=\"widget\" data-e-type=\"widget\" data-widget_type=\"jet-listing-dynamic-field.default\">\n\t\t\t\t<div class=\"elementor-widget-container\">\n\t\t\t\t\t<div class=\"jet-listing-dynamic-field__content\" >Gracias <br>\u00a1para su solicitud!<\/div>\t\t\t\t<\/div>\n\t\t\t\t<\/div>\n\t\t\t\t<div class=\"elementor-element elementor-element-1924d18 elementor-widget elementor-widget-text-editor\" data-id=\"1924d18\" data-element_type=\"widget\" data-e-type=\"widget\" data-widget_type=\"text-editor.default\">\n\t\t\t\t<div class=\"elementor-widget-container\">\n\t\t\t\t\t\t\t\t\t<p>Nuestro departamento de contrataci\u00f3n se pondr\u00e1 manos a la obra lo antes posible y se pondr\u00e1 en contacto con usted.<\/p>\t\t\t\t\t\t\t\t<\/div>\n\t\t\t\t<\/div>\n\t\t\t\t<div class=\"elementor-element elementor-element-eb56415 elementor-widget elementor-widget-button\" data-id=\"eb56415\" data-element_type=\"widget\" data-e-type=\"widget\" data-widget_type=\"button.default\">\n\t\t\t\t<div class=\"elementor-widget-container\">\n\t\t\t\t\t\t\t\t\t<div class=\"elementor-button-wrapper\">\n\t\t\t\t\t<a class=\"elementor-button elementor-button-link elementor-size-sm\" href=\"https:\/\/stuwarooij.nl\/es\">\n\t\t\t\t\t\t<span class=\"elementor-button-content-wrapper\">\n\t\t\t\t\t\t\t\t\t<span class=\"elementor-button-text\">Volver a la p\u00e1gina de inicio<\/span>\n\t\t\t\t\t<\/span>\n\t\t\t\t\t<\/a>\n\t\t\t\t<\/div>\n\t\t\t\t\t\t\t\t<\/div>\n\t\t\t\t<\/div>\n\t\t\t\t<\/div>\n\t\t\t\t<\/div>\n\t\t<div class=\"elementor-element elementor-element-dec99df e-con-full e-flex e-con e-parent\" data-id=\"dec99df\" data-element_type=\"container\" data-e-type=\"container\" data-settings=\"{&quot;background_background&quot;:&quot;classic&quot;,&quot;jet_parallax_layout_list&quot;:[]}\">\n\t\t\t\t<div class=\"elementor-element elementor-element-55098e4 elementor-icon-list--layout-inline elementor-align-center elementor-hidden-tablet elementor-hidden-mobile elementor-list-item-link-full_width elementor-widget elementor-widget-icon-list\" data-id=\"55098e4\" data-element_type=\"widget\" data-e-type=\"widget\" data-widget_type=\"icon-list.default\">\n\t\t\t\t<div class=\"elementor-widget-container\">\n\t\t\t\t\t\t\t<ul class=\"elementor-icon-list-items elementor-inline-items\">\n\t\t\t\t\t\t\t<li class=\"elementor-icon-list-item elementor-inline-item\">\n\t\t\t\t\t\t\t\t\t\t\t<a href=\"mailto:info@stuwarooij.nl\">\n\n\t\t\t\t\t\t\t\t\t\t\t\t<span class=\"elementor-icon-list-icon\">\n\t\t\t\t\t\t\t<svg xmlns=\"http:\/\/www.w3.org\/2000\/svg\" width=\"60\" height=\"60\" viewbox=\"0 0 60 60\" fill=\"none\"><rect x=\"0.5\" y=\"0.5\" width=\"59\" height=\"59\" rx=\"29.5\" stroke=\"#1E1F1F\"><\/rect><path d=\"M37.5 22.75H22.5C21.9033 22.75 21.331 22.9871 20.909 23.409C20.4871 23.831 20.25 24.4033 20.25 25V35C20.25 35.5967 20.4871 36.169 20.909 36.591C21.331 37.0129 21.9033 37.25 22.5 37.25H37.5C38.0967 37.25 38.669 37.0129 39.091 36.591C39.5129 36.169 39.75 35.5967 39.75 35V25C39.75 24.4033 39.5129 23.831 39.091 23.409C38.669 22.9871 38.0967 22.75 37.5 22.75ZM37.08 24.25L30.45 29.25C30.3184 29.343 30.1612 29.3929 30 29.3929C29.8388 29.3929 29.6816 29.343 29.55 29.25L22.92 24.25H37.08ZM37.5 35.75H22.5C22.3019 35.7474 22.1126 35.6676 21.9725 35.5275C21.8324 35.3874 21.7526 35.1981 21.75 35V25.25L28.65 30.43C29.042 30.7161 29.5147 30.8702 30 30.8702C30.4853 30.8702 30.958 30.7161 31.35 30.43L38.25 25.25V35C38.2474 35.1981 38.1676 35.3874 38.0275 35.5275C37.8874 35.6676 37.6981 35.7474 37.5 35.75Z\" fill=\"#E0251C\"><\/path><\/svg>\t\t\t\t\t\t<\/span>\n\t\t\t\t\t\t\t\t\t\t<span class=\"elementor-icon-list-text\">info@stuwarooij.nl<\/span>\n\t\t\t\t\t\t\t\t\t\t\t<\/a>\n\t\t\t\t\t\t\t\t\t<\/li>\n\t\t\t\t\t\t\t\t<li class=\"elementor-icon-list-item elementor-inline-item\">\n\t\t\t\t\t\t\t\t\t\t\t<a href=\"https:\/\/www.google.nl\/maps\/place\/Stuwadoorsbedrijf+van+Rooij\/@51.7962494,5.2569939,17z\/data=!3m1!4b1!4m6!3m5!1s0x47c6f271cf478413:0x90ca017542f00c74!8m2!3d51.7962461!4d5.2595688!16s%2Fg%2F1tgc8rf5?entry=ttu&#038;g_ep=EgoyMDI0MTAyMy4wIKXMDSoASAFQAw%3D%3D\">\n\n\t\t\t\t\t\t\t\t\t\t\t\t<span class=\"elementor-icon-list-icon\">\n\t\t\t\t\t\t\t<svg xmlns=\"http:\/\/www.w3.org\/2000\/svg\" width=\"60\" height=\"60\" viewbox=\"0 0 60 60\" fill=\"none\"><rect x=\"0.5\" y=\"0.5\" width=\"59\" height=\"59\" rx=\"29.5\" stroke=\"#1E1F1F\"><\/rect><path d=\"M29.9994 37.6937C30.1965 37.6937 30.3862 37.6157 30.5275 37.4743C31.2786 36.7232 37.8754 29.9999 37.8754 25.8723C37.8754 21.5327 34.3428 18 30.0032 18C25.6635 18 22.1309 21.5327 22.1309 25.8723C22.1309 29.9999 28.7239 36.7195 29.4788 37.4743C29.6127 37.6157 29.8023 37.6937 29.9994 37.6937ZM29.9994 19.4874C33.521 19.4874 36.3843 22.3508 36.3843 25.8723C36.3843 28.6055 32.1748 33.5958 29.9994 35.8828C27.824 33.5958 23.6146 28.6092 23.6146 25.8723C23.6146 22.3508 26.4779 19.4874 29.9994 19.4874Z\" fill=\"#E0251C\"><\/path><path d=\"M34.1017 25.8731C34.1017 23.6122 32.261 21.7715 30.0001 21.7715C27.7391 21.7715 25.8984 23.6122 25.8984 25.8731C25.8984 28.134 27.7391 29.9747 30.0001 29.9747C32.261 29.9747 34.1017 28.134 34.1017 25.8731ZM27.3859 25.8731C27.3859 24.434 28.5572 23.2589 30.0001 23.2589C31.4429 23.2589 32.6142 24.4303 32.6142 25.8731C32.6142 27.3159 31.4429 28.4873 30.0001 28.4873C28.5572 28.4873 27.3859 27.3122 27.3859 25.8731Z\" fill=\"#E0251C\"><\/path><path d=\"M29.9998 41.9997C35.3323 41.9997 40.9958 40.4527 40.9958 37.5857C40.9958 35.8045 38.8129 34.3617 35.0125 33.6254C34.6109 33.5473 34.2204 33.8113 34.1424 34.2129C34.0643 34.6145 34.3283 35.005 34.7299 35.0831C37.8684 35.6892 39.5083 36.8011 39.5083 37.5857C39.5083 38.7794 35.8046 40.5122 29.9998 40.5122C24.1951 40.5122 20.4913 38.7794 20.4913 37.5857C20.4913 36.7788 22.2019 35.6483 25.4668 35.0459C25.8722 34.9715 26.1399 34.5848 26.0655 34.1795C25.9912 33.7741 25.6044 33.5064 25.1991 33.5808C21.2611 34.3059 19.0039 35.7636 19.0039 37.5857C19.0039 40.4527 24.6673 41.9997 29.9998 41.9997Z\" fill=\"#E0251C\"><\/path><\/svg>\t\t\t\t\t\t<\/span>\n\t\t\t\t\t\t\t\t\t\t<span class=\"elementor-icon-list-text\">Van Voordenpark 16<br>5301 KP Zaltbommel<\/span>\n\t\t\t\t\t\t\t\t\t\t\t<\/a>\n\t\t\t\t\t\t\t\t\t<\/li>\n\t\t\t\t\t\t\t\t<li class=\"elementor-icon-list-item elementor-inline-item\">\n\t\t\t\t\t\t\t\t\t\t\t<a href=\"tel:0889081300\">\n\n\t\t\t\t\t\t\t\t\t\t\t\t<span class=\"elementor-icon-list-icon\">\n\t\t\t\t\t\t\t<svg xmlns=\"http:\/\/www.w3.org\/2000\/svg\" width=\"60\" height=\"60\" viewbox=\"0 0 60 60\" fill=\"none\"><rect x=\"0.5\" y=\"0.5\" width=\"59\" height=\"59\" rx=\"29.5\" stroke=\"#1E1F1F\"><\/rect><path d=\"M28.8343 31.1638C30.5253 32.7384 31.9776 33.6202 33.5552 32.2479C33.7653 32.0378 34.0146 31.8711 34.2891 31.7574C34.5636 31.6437 34.8578 31.5852 35.1549 31.5852C35.452 31.5852 35.7462 31.6437 36.0207 31.7574C36.2951 31.8711 36.5446 32.0377 36.7546 32.2478L37.4956 32.9888C37.9199 33.4131 38.1583 33.9885 38.1583 34.5885C38.1583 35.1885 37.9199 35.764 37.4956 36.1882L36.1898 37.4941C35.9267 37.758 35.6023 37.9527 35.2457 38.0609C34.8891 38.1692 34.5112 38.1875 34.1458 38.1142C31.1522 37.4486 28.4229 35.9112 26.3021 33.696C24.087 31.5753 22.5496 28.8459 21.8839 25.8523C21.8107 25.4869 21.829 25.109 21.9372 24.7524C22.0454 24.3958 22.2401 24.0714 22.504 23.8083L23.8098 22.5025C24.2341 22.0782 24.8096 21.8398 25.4096 21.8398C26.0096 21.8398 26.585 22.0782 27.0093 22.5025L27.7503 23.2435C27.9604 23.4536 28.127 23.703 28.2407 23.9774C28.3544 24.2519 28.4129 24.5461 28.4129 24.8432C28.4129 25.1403 28.3544 25.4345 28.2407 25.709C28.127 25.9834 27.9604 26.2328 27.7503 26.4429C26.3774 28.0208 27.26 29.4725 28.8343 31.1638Z\" fill=\"#E0251C\"><\/path><\/svg>\t\t\t\t\t\t<\/span>\n\t\t\t\t\t\t\t\t\t\t<span class=\"elementor-icon-list-text\">088-9081300<\/span>\n\t\t\t\t\t\t\t\t\t\t\t<\/a>\n\t\t\t\t\t\t\t\t\t<\/li>\n\t\t\t\t\t\t<\/ul>\n\t\t\t\t\t\t<\/div>\n\t\t\t\t<\/div>\n\t\t\t\t<div class=\"elementor-element elementor-element-87fac80 elementor-align-center elementor-tablet-align-start elementor-hidden-desktop elementor-hidden-laptop elementor-icon-list--layout-traditional elementor-list-item-link-full_width elementor-widget elementor-widget-icon-list\" data-id=\"87fac80\" data-element_type=\"widget\" data-e-type=\"widget\" data-widget_type=\"icon-list.default\">\n\t\t\t\t<div class=\"elementor-widget-container\">\n\t\t\t\t\t\t\t<ul class=\"elementor-icon-list-items\">\n\t\t\t\t\t\t\t<li class=\"elementor-icon-list-item\">\n\t\t\t\t\t\t\t\t\t\t\t<a href=\"mailto:info@stuwarooij.nl\">\n\n\t\t\t\t\t\t\t\t\t\t\t\t<span class=\"elementor-icon-list-icon\">\n\t\t\t\t\t\t\t<svg xmlns=\"http:\/\/www.w3.org\/2000\/svg\" width=\"60\" height=\"60\" viewbox=\"0 0 60 60\" fill=\"none\"><rect x=\"0.5\" y=\"0.5\" width=\"59\" height=\"59\" rx=\"29.5\" stroke=\"#1E1F1F\"><\/rect><path d=\"M37.5 22.75H22.5C21.9033 22.75 21.331 22.9871 20.909 23.409C20.4871 23.831 20.25 24.4033 20.25 25V35C20.25 35.5967 20.4871 36.169 20.909 36.591C21.331 37.0129 21.9033 37.25 22.5 37.25H37.5C38.0967 37.25 38.669 37.0129 39.091 36.591C39.5129 36.169 39.75 35.5967 39.75 35V25C39.75 24.4033 39.5129 23.831 39.091 23.409C38.669 22.9871 38.0967 22.75 37.5 22.75ZM37.08 24.25L30.45 29.25C30.3184 29.343 30.1612 29.3929 30 29.3929C29.8388 29.3929 29.6816 29.343 29.55 29.25L22.92 24.25H37.08ZM37.5 35.75H22.5C22.3019 35.7474 22.1126 35.6676 21.9725 35.5275C21.8324 35.3874 21.7526 35.1981 21.75 35V25.25L28.65 30.43C29.042 30.7161 29.5147 30.8702 30 30.8702C30.4853 30.8702 30.958 30.7161 31.35 30.43L38.25 25.25V35C38.2474 35.1981 38.1676 35.3874 38.0275 35.5275C37.8874 35.6676 37.6981 35.7474 37.5 35.75Z\" fill=\"#E0251C\"><\/path><\/svg>\t\t\t\t\t\t<\/span>\n\t\t\t\t\t\t\t\t\t\t<span class=\"elementor-icon-list-text\">info@stuwarooij.nl<\/span>\n\t\t\t\t\t\t\t\t\t\t\t<\/a>\n\t\t\t\t\t\t\t\t\t<\/li>\n\t\t\t\t\t\t\t\t<li class=\"elementor-icon-list-item\">\n\t\t\t\t\t\t\t\t\t\t\t<a href=\"https:\/\/www.google.nl\/maps\/place\/Stuwadoorsbedrijf+van+Rooij\/@51.7962494,5.2569939,17z\/data=!3m1!4b1!4m6!3m5!1s0x47c6f271cf478413:0x90ca017542f00c74!8m2!3d51.7962461!4d5.2595688!16s%2Fg%2F1tgc8rf5?entry=ttu&#038;g_ep=EgoyMDI0MTAyMy4wIKXMDSoASAFQAw%3D%3D\">\n\n\t\t\t\t\t\t\t\t\t\t\t\t<span class=\"elementor-icon-list-icon\">\n\t\t\t\t\t\t\t<svg xmlns=\"http:\/\/www.w3.org\/2000\/svg\" width=\"60\" height=\"60\" viewbox=\"0 0 60 60\" fill=\"none\"><rect x=\"0.5\" y=\"0.5\" width=\"59\" height=\"59\" rx=\"29.5\" stroke=\"#1E1F1F\"><\/rect><path d=\"M29.9994 37.6937C30.1965 37.6937 30.3862 37.6157 30.5275 37.4743C31.2786 36.7232 37.8754 29.9999 37.8754 25.8723C37.8754 21.5327 34.3428 18 30.0032 18C25.6635 18 22.1309 21.5327 22.1309 25.8723C22.1309 29.9999 28.7239 36.7195 29.4788 37.4743C29.6127 37.6157 29.8023 37.6937 29.9994 37.6937ZM29.9994 19.4874C33.521 19.4874 36.3843 22.3508 36.3843 25.8723C36.3843 28.6055 32.1748 33.5958 29.9994 35.8828C27.824 33.5958 23.6146 28.6092 23.6146 25.8723C23.6146 22.3508 26.4779 19.4874 29.9994 19.4874Z\" fill=\"#E0251C\"><\/path><path d=\"M34.1017 25.8731C34.1017 23.6122 32.261 21.7715 30.0001 21.7715C27.7391 21.7715 25.8984 23.6122 25.8984 25.8731C25.8984 28.134 27.7391 29.9747 30.0001 29.9747C32.261 29.9747 34.1017 28.134 34.1017 25.8731ZM27.3859 25.8731C27.3859 24.434 28.5572 23.2589 30.0001 23.2589C31.4429 23.2589 32.6142 24.4303 32.6142 25.8731C32.6142 27.3159 31.4429 28.4873 30.0001 28.4873C28.5572 28.4873 27.3859 27.3122 27.3859 25.8731Z\" fill=\"#E0251C\"><\/path><path d=\"M29.9998 41.9997C35.3323 41.9997 40.9958 40.4527 40.9958 37.5857C40.9958 35.8045 38.8129 34.3617 35.0125 33.6254C34.6109 33.5473 34.2204 33.8113 34.1424 34.2129C34.0643 34.6145 34.3283 35.005 34.7299 35.0831C37.8684 35.6892 39.5083 36.8011 39.5083 37.5857C39.5083 38.7794 35.8046 40.5122 29.9998 40.5122C24.1951 40.5122 20.4913 38.7794 20.4913 37.5857C20.4913 36.7788 22.2019 35.6483 25.4668 35.0459C25.8722 34.9715 26.1399 34.5848 26.0655 34.1795C25.9912 33.7741 25.6044 33.5064 25.1991 33.5808C21.2611 34.3059 19.0039 35.7636 19.0039 37.5857C19.0039 40.4527 24.6673 41.9997 29.9998 41.9997Z\" fill=\"#E0251C\"><\/path><\/svg>\t\t\t\t\t\t<\/span>\n\t\t\t\t\t\t\t\t\t\t<span class=\"elementor-icon-list-text\">Van Voordenpark 16<br>5301 KP Zaltbommel<\/span>\n\t\t\t\t\t\t\t\t\t\t\t<\/a>\n\t\t\t\t\t\t\t\t\t<\/li>\n\t\t\t\t\t\t\t\t<li class=\"elementor-icon-list-item\">\n\t\t\t\t\t\t\t\t\t\t\t<a href=\"tel:0889081300\">\n\n\t\t\t\t\t\t\t\t\t\t\t\t<span class=\"elementor-icon-list-icon\">\n\t\t\t\t\t\t\t<svg xmlns=\"http:\/\/www.w3.org\/2000\/svg\" width=\"60\" height=\"60\" viewbox=\"0 0 60 60\" fill=\"none\"><rect x=\"0.5\" y=\"0.5\" width=\"59\" height=\"59\" rx=\"29.5\" stroke=\"#1E1F1F\"><\/rect><path d=\"M28.8343 31.1638C30.5253 32.7384 31.9776 33.6202 33.5552 32.2479C33.7653 32.0378 34.0146 31.8711 34.2891 31.7574C34.5636 31.6437 34.8578 31.5852 35.1549 31.5852C35.452 31.5852 35.7462 31.6437 36.0207 31.7574C36.2951 31.8711 36.5446 32.0377 36.7546 32.2478L37.4956 32.9888C37.9199 33.4131 38.1583 33.9885 38.1583 34.5885C38.1583 35.1885 37.9199 35.764 37.4956 36.1882L36.1898 37.4941C35.9267 37.758 35.6023 37.9527 35.2457 38.0609C34.8891 38.1692 34.5112 38.1875 34.1458 38.1142C31.1522 37.4486 28.4229 35.9112 26.3021 33.696C24.087 31.5753 22.5496 28.8459 21.8839 25.8523C21.8107 25.4869 21.829 25.109 21.9372 24.7524C22.0454 24.3958 22.2401 24.0714 22.504 23.8083L23.8098 22.5025C24.2341 22.0782 24.8096 21.8398 25.4096 21.8398C26.0096 21.8398 26.585 22.0782 27.0093 22.5025L27.7503 23.2435C27.9604 23.4536 28.127 23.703 28.2407 23.9774C28.3544 24.2519 28.4129 24.5461 28.4129 24.8432C28.4129 25.1403 28.3544 25.4345 28.2407 25.709C28.127 25.9834 27.9604 26.2328 27.7503 26.4429C26.3774 28.0208 27.26 29.4725 28.8343 31.1638Z\" fill=\"#E0251C\"><\/path><\/svg>\t\t\t\t\t\t<\/span>\n\t\t\t\t\t\t\t\t\t\t<span class=\"elementor-icon-list-text\">088-9081300<\/span>\n\t\t\t\t\t\t\t\t\t\t\t<\/a>\n\t\t\t\t\t\t\t\t\t<\/li>\n\t\t\t\t\t\t<\/ul>\n\t\t\t\t\t\t<\/div>\n\t\t\t\t<\/div>\n\t\t\t\t<\/div>\n\t\t<div class=\"elementor-element elementor-element-71b6af1 e-con-full e-flex elementor-invisible e-con e-child\" data-id=\"71b6af1\" data-element_type=\"container\" data-e-type=\"container\" data-settings=\"{&quot;background_background&quot;:&quot;classic&quot;,&quot;jet_parallax_layout_list&quot;:[],&quot;animation&quot;:&quot;slideInRight&quot;}\">\n\t\t\t\t<div class=\"elementor-element elementor-element-c05b573 elementor-widget elementor-widget-google_maps\" data-id=\"c05b573\" data-element_type=\"widget\" data-e-type=\"widget\" data-widget_type=\"google_maps.default\">\n\t\t\t\t<div class=\"elementor-widget-container\">\n\t\t\t\t\t\t\t<div class=\"elementor-custom-embed\">\n\t\t\t<iframe loading=\"lazy\"\n\t\t\t\t\tsrc=\"https:\/\/maps.google.com\/maps?q=Stuwadoorsbedrijf%20van%20Rooij%20B.V.%2C%20Van%20Voordenpark%2016%2C%205301%20KP%20Zaltbommel&#038;t=m&#038;z=12&#038;output=embed&#038;iwloc=near\"\n\t\t\t\t\ttitle=\"Stuwadoorsbedrijf van Rooij B.V., Van Voordenpark 16, 5301 KP Zaltbommel\"\n\t\t\t\t\taria-label=\"Stuwadoorsbedrijf van Rooij B.V., Van Voordenpark 16, 5301 KP Zaltbommel\"\n\t\t\t><\/iframe>\n\t\t<\/div>\n\t\t\t\t\t\t<\/div>\n\t\t\t\t<\/div>\n\t\t\t\t<\/div>\n\t\t\t\t<\/div>","protected":false},"excerpt":{"rendered":"<p>Bedankt voor je sollicitatie! Onze recruitment afdeling gaat er zo snel mogelijk mee aan de slag en neemt contact met je op. Terug naar de homepagina info@stuwarooij.nl Van Voordenpark 16\u20285301 KP Zaltbommel 088-9081300 info@stuwarooij.nl Van Voordenpark 16\u20285301 KP Zaltbommel 088-9081300<\/p>","protected":false},"author":1,"featured_media":0,"parent":0,"menu_order":7,"comment_status":"closed","ping_status":"closed","template":"","meta":{"_seopress_robots_primary_cat":"","_seopress_titles_title":"","_seopress_titles_desc":"","_seopress_robots_index":"","_jet_sm_ready_style":"","_jet_sm_style":"","_jet_sm_controls_values":"","_jet_sm_fonts_collection":"","_jet_sm_fonts_links":"","footnotes":""},"class_list":["post-4953","page","type-page","status-publish","hentry"],"yoast_head":"<!-- This site is optimized with the Yoast SEO plugin v27.1.1 - https:\/\/yoast.com\/product\/yoast-seo-wordpress\/ -->\n<title>Bedankt | Stuwarooij<\/title>\n<meta name=\"robots\" content=\"index, follow, max-snippet:-1, max-image-preview:large, max-video-preview:-1\" \/>\n<link rel=\"canonical\" href=\"https:\/\/stuwarooij.nl\/es\/bedankt\/\" \/>\n<meta property=\"og:locale\" content=\"es_ES\" \/>\n<meta property=\"og:type\" content=\"article\" \/>\n<meta property=\"og:title\" content=\"Bedankt | Stuwarooij\" \/>\n<meta property=\"og:description\" content=\"Bedankt voor je sollicitatie! Onze recruitment afdeling gaat er zo snel mogelijk mee aan de slag en neemt contact met je op. Terug naar de homepagina info@stuwarooij.nl Van Voordenpark 16\u20285301 KP Zaltbommel 088-9081300 info@stuwarooij.nl Van Voordenpark 16\u20285301 KP Zaltbommel 088-9081300\" \/>\n<meta property=\"og:url\" content=\"https:\/\/stuwarooij.nl\/es\/bedankt\/\" \/>\n<meta property=\"og:site_name\" content=\"Stuwarooij\" \/>\n<meta property=\"article:publisher\" content=\"https:\/\/www.facebook.com\/stuwarooij\/\" \/>\n<meta property=\"article:modified_time\" content=\"2025-05-13T08:00:41+00:00\" \/>\n<meta property=\"og:image\" content=\"https:\/\/stuwarooij.nl\/wp-content\/uploads\/2025\/07\/Ontwerp-zonder-titel-13.png\" \/>\n\t<meta property=\"og:image:width\" content=\"3600\" \/>\n\t<meta property=\"og:image:height\" content=\"2025\" \/>\n\t<meta property=\"og:image:type\" content=\"image\/png\" \/>\n<meta name=\"twitter:card\" content=\"summary_large_image\" \/>\n<script type=\"application\/ld+json\" class=\"yoast-schema-graph\">{\"@context\":\"https:\/\/schema.org\",\"@graph\":[{\"@type\":\"WebPage\",\"@id\":\"https:\/\/stuwarooij.nl\/bedankt\/\",\"url\":\"https:\/\/stuwarooij.nl\/bedankt\/\",\"name\":\"Bedankt | Stuwarooij\",\"isPartOf\":{\"@id\":\"https:\/\/stuwarooij.nl\/#website\"},\"datePublished\":\"2024-11-07T09:10:27+00:00\",\"dateModified\":\"2025-05-13T08:00:41+00:00\",\"breadcrumb\":{\"@id\":\"https:\/\/stuwarooij.nl\/bedankt\/#breadcrumb\"},\"inLanguage\":\"es\",\"potentialAction\":[{\"@type\":\"ReadAction\",\"target\":[\"https:\/\/stuwarooij.nl\/bedankt\/\"]}]},{\"@type\":\"BreadcrumbList\",\"@id\":\"https:\/\/stuwarooij.nl\/bedankt\/#breadcrumb\",\"itemListElement\":[{\"@type\":\"ListItem\",\"position\":1,\"name\":\"Home\",\"item\":\"https:\/\/stuwarooij.nl\/\"},{\"@type\":\"ListItem\",\"position\":2,\"name\":\"Bedankt\"}]},{\"@type\":\"WebSite\",\"@id\":\"https:\/\/stuwarooij.nl\/#website\",\"url\":\"https:\/\/stuwarooij.nl\/\",\"name\":\"Stuwarooij\",\"description\":\"Stronger Together\",\"publisher\":{\"@id\":\"https:\/\/stuwarooij.nl\/#organization\"},\"alternateName\":\"Stuwarooij - Stuwadoorsbedrijf van Rooij\",\"potentialAction\":[{\"@type\":\"SearchAction\",\"target\":{\"@type\":\"EntryPoint\",\"urlTemplate\":\"https:\/\/stuwarooij.nl\/?s={search_term_string}\"},\"query-input\":{\"@type\":\"PropertyValueSpecification\",\"valueRequired\":true,\"valueName\":\"search_term_string\"}}],\"inLanguage\":\"es\"},{\"@type\":\"Organization\",\"@id\":\"https:\/\/stuwarooij.nl\/#organization\",\"name\":\"Stuwarooij\",\"alternateName\":\"Stuwarooij - Stuwadoorsbedrijf van Rooij\",\"url\":\"https:\/\/stuwarooij.nl\/\",\"logo\":{\"@type\":\"ImageObject\",\"inLanguage\":\"es\",\"@id\":\"https:\/\/stuwarooij.nl\/#\/schema\/logo\/image\/\",\"url\":\"https:\/\/stuwarooij.nl\/wp-content\/uploads\/2024\/03\/Logo-stuwarooij.svg\",\"contentUrl\":\"https:\/\/stuwarooij.nl\/wp-content\/uploads\/2024\/03\/Logo-stuwarooij.svg\",\"width\":322.59,\"height\":84.27,\"caption\":\"Stuwarooij\"},\"image\":{\"@id\":\"https:\/\/stuwarooij.nl\/#\/schema\/logo\/image\/\"},\"sameAs\":[\"https:\/\/www.facebook.com\/stuwarooij\/\",\"https:\/\/www.instagram.com\/stuwadoorsbedrijfvrooij\/\",\"https:\/\/nl.linkedin.com\/company\/stuwadoorsbedrijf-van-rooij\"]}]}<\/script>\n<!-- \/ Yoast SEO plugin. -->","yoast_head_json":{"title":"Bedankt | Stuwarooij","robots":{"index":"index","follow":"follow","max-snippet":"max-snippet:-1","max-image-preview":"max-image-preview:large","max-video-preview":"max-video-preview:-1"},"canonical":"https:\/\/stuwarooij.nl\/es\/bedankt\/","og_locale":"es_ES","og_type":"article","og_title":"Bedankt | Stuwarooij","og_description":"Bedankt voor je sollicitatie! Onze recruitment afdeling gaat er zo snel mogelijk mee aan de slag en neemt contact met je op. Terug naar de homepagina info@stuwarooij.nl Van Voordenpark 16\u20285301 KP Zaltbommel 088-9081300 info@stuwarooij.nl Van Voordenpark 16\u20285301 KP Zaltbommel 088-9081300","og_url":"https:\/\/stuwarooij.nl\/es\/bedankt\/","og_site_name":"Stuwarooij","article_publisher":"https:\/\/www.facebook.com\/stuwarooij\/","article_modified_time":"2025-05-13T08:00:41+00:00","og_image":[{"width":3600,"height":2025,"url":"https:\/\/stuwarooij.nl\/wp-content\/uploads\/2025\/07\/Ontwerp-zonder-titel-13.png","type":"image\/png"}],"twitter_card":"summary_large_image","schema":{"@context":"https:\/\/schema.org","@graph":[{"@type":"WebPage","@id":"https:\/\/stuwarooij.nl\/bedankt\/","url":"https:\/\/stuwarooij.nl\/bedankt\/","name":"Bedankt | Stuwarooij","isPartOf":{"@id":"https:\/\/stuwarooij.nl\/#website"},"datePublished":"2024-11-07T09:10:27+00:00","dateModified":"2025-05-13T08:00:41+00:00","breadcrumb":{"@id":"https:\/\/stuwarooij.nl\/bedankt\/#breadcrumb"},"inLanguage":"es","potentialAction":[{"@type":"ReadAction","target":["https:\/\/stuwarooij.nl\/bedankt\/"]}]},{"@type":"BreadcrumbList","@id":"https:\/\/stuwarooij.nl\/bedankt\/#breadcrumb","itemListElement":[{"@type":"ListItem","position":1,"name":"Home","item":"https:\/\/stuwarooij.nl\/"},{"@type":"ListItem","position":2,"name":"Bedankt"}]},{"@type":"WebSite","@id":"https:\/\/stuwarooij.nl\/#website","url":"https:\/\/stuwarooij.nl\/","name":"Stuwarooij","description":"Juntos m\u00e1s fuertes","publisher":{"@id":"https:\/\/stuwarooij.nl\/#organization"},"alternateName":"Stuwarooij - Stuwadoorsbedrijf van Rooij","potentialAction":[{"@type":"SearchAction","target":{"@type":"EntryPoint","urlTemplate":"https:\/\/stuwarooij.nl\/?s={search_term_string}"},"query-input":{"@type":"PropertyValueSpecification","valueRequired":true,"valueName":"search_term_string"}}],"inLanguage":"es"},{"@type":"Organization","@id":"https:\/\/stuwarooij.nl\/#organization","name":"Stuwarooij","alternateName":"Stuwarooij - Stuwadoorsbedrijf van Rooij","url":"https:\/\/stuwarooij.nl\/","logo":{"@type":"ImageObject","inLanguage":"es","@id":"https:\/\/stuwarooij.nl\/#\/schema\/logo\/image\/","url":"https:\/\/stuwarooij.nl\/wp-content\/uploads\/2024\/03\/Logo-stuwarooij.svg","contentUrl":"https:\/\/stuwarooij.nl\/wp-content\/uploads\/2024\/03\/Logo-stuwarooij.svg","width":322.59,"height":84.27,"caption":"Stuwarooij"},"image":{"@id":"https:\/\/stuwarooij.nl\/#\/schema\/logo\/image\/"},"sameAs":["https:\/\/www.facebook.com\/stuwarooij\/","https:\/\/www.instagram.com\/stuwadoorsbedrijfvrooij\/","https:\/\/nl.linkedin.com\/company\/stuwadoorsbedrijf-van-rooij"]}]}},"_links":{"self":[{"href":"https:\/\/stuwarooij.nl\/es\/wp-json\/wp\/v2\/pages\/4953","targetHints":{"allow":["GET"]}}],"collection":[{"href":"https:\/\/stuwarooij.nl\/es\/wp-json\/wp\/v2\/pages"}],"about":[{"href":"https:\/\/stuwarooij.nl\/es\/wp-json\/wp\/v2\/types\/page"}],"author":[{"embeddable":true,"href":"https:\/\/stuwarooij.nl\/es\/wp-json\/wp\/v2\/users\/1"}],"replies":[{"embeddable":true,"href":"https:\/\/stuwarooij.nl\/es\/wp-json\/wp\/v2\/comments?post=4953"}],"version-history":[{"count":0,"href":"https:\/\/stuwarooij.nl\/es\/wp-json\/wp\/v2\/pages\/4953\/revisions"}],"wp:attachment":[{"href":"https:\/\/stuwarooij.nl\/es\/wp-json\/wp\/v2\/media?parent=4953"}],"curies":[{"name":"wp","href":"https:\/\/api.w.org\/{rel}","templated":true}]}}